{"id":16,"date":"2019-07-12T12:32:01","date_gmt":"2019-07-12T10:32:01","guid":{"rendered":"https:\/\/ld-wp73.template-help.com\/imperion\/finance\/?page_id=16"},"modified":"2021-11-11T20:07:46","modified_gmt":"2021-11-11T19:07:46","slug":"contactez-nous","status":"publish","type":"page","link":"https:\/\/avsconcierge.fr\/en\/contactez-nous\/","title":{"rendered":"Contact"},"content":{"rendered":"<div data-elementor-type=\"wp-post\" data-elementor-id=\"16\" class=\"elementor elementor-16\">\n\t\t\t\t\t\t<section class=\"elementor-section elementor-top-section elementor-element elementor-element-54ccfd09 elementor-section-content-middle elementor-section-full_width elementor-section-height-min-height elementor-section-height-default elementor-section-items-middle\" data-id=\"54ccfd09\" data-element_type=\"section\" data-e-type=\"section\" data-settings=\"{&quot;background_background&quot;:&quot;classic&quot;}\">\n\t\t\t\t\t\t<div class=\"elementor-container elementor-column-gap-no\">\n\t\t\t\t\t<div class=\"elementor-column elementor-col-100 elementor-top-column elementor-element elementor-element-12be2e9f\" data-id=\"12be2e9f\" data-element_type=\"column\" data-e-type=\"column\" data-settings=\"{&quot;background_background&quot;:&quot;classic&quot;}\">\n\t\t\t<div class=\"elementor-widget-wrap elementor-element-populated\">\n\t\t\t\t\t\t<section class=\"elementor-section elementor-inner-section elementor-element elementor-element-260f9b7f elementor-section-boxed elementor-section-height-default elementor-section-height-default\" data-id=\"260f9b7f\" data-element_type=\"section\" data-e-type=\"section\">\n\t\t\t\t\t\t<div class=\"elementor-container elementor-column-gap-no\">\n\t\t\t\t\t<div class=\"elementor-column elementor-col-100 elementor-inner-column elementor-element elementor-element-5bb8227\" data-id=\"5bb8227\" data-element_type=\"column\" data-e-type=\"column\">\n\t\t\t<div class=\"elementor-widget-wrap elementor-element-populated\">\n\t\t\t\t\t\t<div class=\"elementor-element elementor-element-60c2012a elementor-widget elementor-widget-heading\" data-id=\"60c2012a\" data-element_type=\"widget\" data-e-type=\"widget\" data-widget_type=\"heading.default\">\n\t\t\t\t<div class=\"elementor-widget-container\">\n\t\t\t\t\t<h4 class=\"elementor-heading-title elementor-size-default\">Hello, how can we help you?<\/h4>\t\t\t\t<\/div>\n\t\t\t\t<\/div>\n\t\t\t\t<div class=\"elementor-element elementor-element-f8ab3dd elementor-widget-divider--view-line elementor-widget elementor-widget-divider\" data-id=\"f8ab3dd\" data-element_type=\"widget\" data-e-type=\"widget\" data-settings=\"{&quot;_animation_mobile&quot;:&quot;fadeInDown&quot;}\" data-widget_type=\"divider.default\">\n\t\t\t\t<div class=\"elementor-widget-container\">\n\t\t\t\t\t\t\t<div class=\"elementor-divider\">\n\t\t\t<span class=\"elementor-divider-separator\">\n\t\t\t\t\t\t<\/span>\n\t\t<\/div>\n\t\t\t\t\t\t<\/div>\n\t\t\t\t<\/div>\n\t\t\t\t\t<\/div>\n\t\t<\/div>\n\t\t\t\t\t<\/div>\n\t\t<\/section>\n\t\t\t\t\t<\/div>\n\t\t<\/div>\n\t\t\t\t\t<\/div>\n\t\t<\/section>\n\t\t\t\t<section class=\"elementor-section elementor-top-section elementor-element elementor-element-313484f9 elementor-section-boxed elementor-section-height-default elementor-section-height-default\" data-id=\"313484f9\" data-element_type=\"section\" data-e-type=\"section\" data-settings=\"{&quot;background_background&quot;:&quot;classic&quot;}\">\n\t\t\t\t\t\t\t<div class=\"elementor-background-overlay\"><\/div>\n\t\t\t\t\t\t\t<div class=\"elementor-container elementor-column-gap-no\">\n\t\t\t\t\t<div class=\"elementor-column elementor-col-100 elementor-top-column elementor-element elementor-element-32e2c364\" data-id=\"32e2c364\" data-element_type=\"column\" data-e-type=\"column\">\n\t\t\t<div class=\"elementor-widget-wrap elementor-element-populated\">\n\t\t\t\t\t\t<div class=\"elementor-element elementor-element-33392d7 elementor-widget__width-initial elementor-absolute elementor-widget elementor-widget-image\" data-id=\"33392d7\" data-element_type=\"widget\" data-e-type=\"widget\" data-settings=\"{&quot;_position&quot;:&quot;absolute&quot;}\" data-widget_type=\"image.default\">\n\t\t\t\t<div class=\"elementor-widget-container\">\n\t\t\t\t\t\t\t\t\t\t\t\t\t\t\t<img decoding=\"async\" src=\"https:\/\/avsconcierge.fr\/wp-content\/uploads\/2021\/09\/261f51a0-round.png\" title=\"\" alt=\"\" loading=\"lazy\" \/>\t\t\t\t\t\t\t\t\t\t\t\t\t\t\t<\/div>\n\t\t\t\t<\/div>\n\t\t\t\t<div class=\"elementor-element elementor-element-1c22b5e4 elementor-widget__width-initial elementor-absolute elementor-widget elementor-widget-image\" data-id=\"1c22b5e4\" data-element_type=\"widget\" data-e-type=\"widget\" data-settings=\"{&quot;_position&quot;:&quot;absolute&quot;}\" data-widget_type=\"image.default\">\n\t\t\t\t<div class=\"elementor-widget-container\">\n\t\t\t\t\t\t\t\t\t\t\t\t\t\t\t<img fetchpriority=\"high\" decoding=\"async\" width=\"1044\" height=\"1044\" src=\"https:\/\/avsconcierge.fr\/wp-content\/uploads\/2021\/09\/2997e2a0-round-pink.png\" class=\"attachment-full size-full wp-image-7486\" alt=\"\" srcset=\"https:\/\/avsconcierge.fr\/wp-content\/uploads\/2021\/09\/2997e2a0-round-pink.png 1044w, https:\/\/avsconcierge.fr\/wp-content\/uploads\/2021\/09\/2997e2a0-round-pink-300x300.png 300w, https:\/\/avsconcierge.fr\/wp-content\/uploads\/2021\/09\/2997e2a0-round-pink-1024x1024.png 1024w, https:\/\/avsconcierge.fr\/wp-content\/uploads\/2021\/09\/2997e2a0-round-pink-150x150.png 150w, https:\/\/avsconcierge.fr\/wp-content\/uploads\/2021\/09\/2997e2a0-round-pink-768x768.png 768w, https:\/\/avsconcierge.fr\/wp-content\/uploads\/2021\/09\/2997e2a0-round-pink-230x230.png 230w, https:\/\/avsconcierge.fr\/wp-content\/uploads\/2021\/09\/2997e2a0-round-pink-400x400.png 400w, https:\/\/avsconcierge.fr\/wp-content\/uploads\/2021\/09\/2997e2a0-round-pink-600x600.png 600w, https:\/\/avsconcierge.fr\/wp-content\/uploads\/2021\/09\/2997e2a0-round-pink-640x640.png 640w\" sizes=\"(max-width: 1044px) 100vw, 1044px\" \/>\t\t\t\t\t\t\t\t\t\t\t\t\t\t\t<\/div>\n\t\t\t\t<\/div>\n\t\t\t\t<section class=\"elementor-section elementor-inner-section elementor-element elementor-element-75daa289 elementor-section-boxed elementor-section-height-default elementor-section-height-default\" data-id=\"75daa289\" data-element_type=\"section\" data-e-type=\"section\">\n\t\t\t\t\t\t<div class=\"elementor-container elementor-column-gap-no\">\n\t\t\t\t\t<div class=\"elementor-column elementor-col-50 elementor-inner-column elementor-element elementor-element-5cd6cc2e\" data-id=\"5cd6cc2e\" data-element_type=\"column\" data-e-type=\"column\">\n\t\t\t<div class=\"elementor-widget-wrap elementor-element-populated\">\n\t\t\t\t\t\t<div class=\"elementor-element elementor-element-6ffeac22 elementor-widget elementor-widget-heading\" data-id=\"6ffeac22\" data-element_type=\"widget\" data-e-type=\"widget\" data-widget_type=\"heading.default\">\n\t\t\t\t<div class=\"elementor-widget-container\">\n\t\t\t\t\t<h2 class=\"elementor-heading-title elementor-size-default\">Register for free and without obligation to the Private Club AVS Lifestyle Consultant *<\/h2>\t\t\t\t<\/div>\n\t\t\t\t<\/div>\n\t\t\t\t<div class=\"elementor-element elementor-element-baa22b3 elementor-widget elementor-widget-text-editor\" data-id=\"baa22b3\" data-element_type=\"widget\" data-e-type=\"widget\" data-widget_type=\"text-editor.default\">\n\t\t\t\t<div class=\"elementor-widget-container\">\n\t\t\t\t\t\t\t\t\t<p>* subject to acceptance<\/p>\t\t\t\t\t\t\t\t<\/div>\n\t\t\t\t<\/div>\n\t\t\t\t\t<\/div>\n\t\t<\/div>\n\t\t\t\t<div class=\"elementor-column elementor-col-50 elementor-inner-column elementor-element elementor-element-48f3e8c2\" data-id=\"48f3e8c2\" data-element_type=\"column\" data-e-type=\"column\" data-settings=\"{&quot;background_background&quot;:&quot;classic&quot;}\">\n\t\t\t<div class=\"elementor-widget-wrap elementor-element-populated\">\n\t\t\t\t\t\t<div class=\"elementor-element elementor-element-64a5122 elementor-widget elementor-widget-heading\" data-id=\"64a5122\" data-element_type=\"widget\" data-e-type=\"widget\" data-widget_type=\"heading.default\">\n\t\t\t\t<div class=\"elementor-widget-container\">\n\t\t\t\t\t<h1 class=\"elementor-heading-title elementor-size-default\">For any request for information, prices or availability, contact us by email, phone and WhatsApp. Our team is committed to getting back to you within 24 hours<\/h1>\t\t\t\t<\/div>\n\t\t\t\t<\/div>\n\t\t\t\t<div class=\"elementor-element elementor-element-4482e39 elementor-widget elementor-widget-image\" data-id=\"4482e39\" data-element_type=\"widget\" data-e-type=\"widget\" data-widget_type=\"image.default\">\n\t\t\t\t<div class=\"elementor-widget-container\">\n\t\t\t\t\t\t\t\t\t\t\t\t\t\t\t<img decoding=\"async\" width=\"794\" height=\"480\" src=\"https:\/\/avsconcierge.fr\/wp-content\/uploads\/2021\/10\/CDM-group.jpg\" class=\"attachment-full size-full wp-image-9987\" alt=\"\" srcset=\"https:\/\/avsconcierge.fr\/wp-content\/uploads\/2021\/10\/CDM-group.jpg 794w, https:\/\/avsconcierge.fr\/wp-content\/uploads\/2021\/10\/CDM-group-300x181.jpg 300w, https:\/\/avsconcierge.fr\/wp-content\/uploads\/2021\/10\/CDM-group-768x464.jpg 768w, https:\/\/avsconcierge.fr\/wp-content\/uploads\/2021\/10\/CDM-group-600x363.jpg 600w\" sizes=\"(max-width: 794px) 100vw, 794px\" \/>\t\t\t\t\t\t\t\t\t\t\t\t\t\t\t<\/div>\n\t\t\t\t<\/div>\n\t\t\t\t\t<\/div>\n\t\t<\/div>\n\t\t\t\t\t<\/div>\n\t\t<\/section>\n\t\t\t\t\t<\/div>\n\t\t<\/div>\n\t\t\t\t\t<\/div>\n\t\t<\/section>\n\t\t\t\t<section class=\"elementor-section elementor-top-section elementor-element elementor-element-ffbe18c elementor-section-boxed elementor-section-height-default elementor-section-height-default\" data-id=\"ffbe18c\" data-element_type=\"section\" data-e-type=\"section\" data-settings=\"{&quot;background_background&quot;:&quot;classic&quot;}\">\n\t\t\t\t\t\t\t<div class=\"elementor-background-overlay\"><\/div>\n\t\t\t\t\t\t\t<div class=\"elementor-container elementor-column-gap-default\">\n\t\t\t\t\t<div class=\"elementor-column elementor-col-100 elementor-top-column elementor-element elementor-element-69fe4bd0\" data-id=\"69fe4bd0\" data-element_type=\"column\" data-e-type=\"column\">\n\t\t\t<div class=\"elementor-widget-wrap elementor-element-populated\">\n\t\t\t\t\t\t<div class=\"elementor-element elementor-element-98f854e envato-kit-138-bracket elementor-widget elementor-widget-heading\" data-id=\"98f854e\" data-element_type=\"widget\" data-e-type=\"widget\" data-widget_type=\"heading.default\">\n\t\t\t\t<div class=\"elementor-widget-container\">\n\t\t\t\t\t<h3 class=\"elementor-heading-title elementor-size-default\">exclusive offers<\/h3>\t\t\t\t<\/div>\n\t\t\t\t<\/div>\n\t\t\t\t<div class=\"elementor-element elementor-element-1515b318 elementor-widget-divider--view-line elementor-widget elementor-widget-divider\" data-id=\"1515b318\" data-element_type=\"widget\" data-e-type=\"widget\" data-widget_type=\"divider.default\">\n\t\t\t\t<div class=\"elementor-widget-container\">\n\t\t\t\t\t\t\t<div class=\"elementor-divider\">\n\t\t\t<span class=\"elementor-divider-separator\">\n\t\t\t\t\t\t<\/span>\n\t\t<\/div>\n\t\t\t\t\t\t<\/div>\n\t\t\t\t<\/div>\n\t\t\t\t<div class=\"elementor-element elementor-element-29d2c96 elementor-widget elementor-widget-text-editor\" data-id=\"29d2c96\" data-element_type=\"widget\" data-e-type=\"widget\" data-widget_type=\"text-editor.default\">\n\t\t\t\t<div class=\"elementor-widget-container\">\n\t\t\t\t\t\t\t\t\t<p>Subscribe to our newsletter to get a preview of exclusive offers<\/p>\t\t\t\t\t\t\t\t<\/div>\n\t\t\t\t<\/div>\n\t\t\t\t<section class=\"elementor-section elementor-inner-section elementor-element elementor-element-168e883d elementor-section-boxed elementor-section-height-default elementor-section-height-default\" data-id=\"168e883d\" data-element_type=\"section\" data-e-type=\"section\">\n\t\t\t\t\t\t<div class=\"elementor-container elementor-column-gap-default\">\n\t\t\t\t\t<div class=\"elementor-column elementor-col-100 elementor-inner-column elementor-element elementor-element-325d2127\" data-id=\"325d2127\" data-element_type=\"column\" data-e-type=\"column\">\n\t\t\t<div class=\"elementor-widget-wrap elementor-element-populated\">\n\t\t\t\t\t\t<div class=\"elementor-element elementor-element-f646827 elementor-widget elementor-widget-text-editor\" data-id=\"f646827\" data-element_type=\"widget\" data-e-type=\"widget\" data-widget_type=\"text-editor.default\">\n\t\t\t\t<div class=\"elementor-widget-container\">\n\t\t\t\t\t\t\t\t\t<p>By filling in your email address, you accept our privacy policy describing the purpose of processing your personal data. CDM Group does not sell your personal data for marketing or commercial purposes<\/p>\t\t\t\t\t\t\t\t<\/div>\n\t\t\t\t<\/div>\n\t\t\t\t\t<\/div>\n\t\t<\/div>\n\t\t\t\t\t<\/div>\n\t\t<\/section>\n\t\t\t\t\t<\/div>\n\t\t<\/div>\n\t\t\t\t\t<\/div>\n\t\t<\/section>\n\t\t\t\t<\/div>","protected":false},"excerpt":{"rendered":"<p>Bonjour, comment pouvons-nous vous aider ? Inscrivez-vous gratuitement et sans engagement au Club Priv\u00e9 AVS Lifestyle Consultant* M.Mme. Vos centres d&rsquo;int\u00e9r\u00eat : SportsVoyagesConcertsConsultingOp\u00e9ra-BalletShopping En cliquant ci-dessus sur \u00ab\u00a0Inscrivez-vous, c\u2019est gratuit\u00a0\u00bb, vous acceptez nos Conditions g\u00e9n\u00e9rales de ventes et notre Politique de confidentialit\u00e9 *sous r\u00e9serve d\u2019acceptation Pour toute demande d\u2019information, tarifs ou disponibilit\u00e9s, contactez-nous par e-mail, [&hellip;]<\/p>\n","protected":false},"author":8,"featured_media":0,"parent":0,"menu_order":0,"comment_status":"closed","ping_status":"closed","template":"elementor_header_footer","meta":{"_monsterinsights_skip_tracking":false,"_monsterinsights_sitenote_active":false,"_monsterinsights_sitenote_note":"","_monsterinsights_sitenote_category":0,"footnotes":""},"class_list":["post-16","page","type-page","status-publish","hentry"],"aioseo_notices":[],"_links":{"self":[{"href":"https:\/\/avsconcierge.fr\/en\/wp-json\/wp\/v2\/pages\/16","targetHints":{"allow":["GET"]}}],"collection":[{"href":"https:\/\/avsconcierge.fr\/en\/wp-json\/wp\/v2\/pages"}],"about":[{"href":"https:\/\/avsconcierge.fr\/en\/wp-json\/wp\/v2\/types\/page"}],"author":[{"embeddable":true,"href":"https:\/\/avsconcierge.fr\/en\/wp-json\/wp\/v2\/users\/8"}],"replies":[{"embeddable":true,"href":"https:\/\/avsconcierge.fr\/en\/wp-json\/wp\/v2\/comments?post=16"}],"version-history":[{"count":223,"href":"https:\/\/avsconcierge.fr\/en\/wp-json\/wp\/v2\/pages\/16\/revisions"}],"predecessor-version":[{"id":10178,"href":"https:\/\/avsconcierge.fr\/en\/wp-json\/wp\/v2\/pages\/16\/revisions\/10178"}],"wp:attachment":[{"href":"https:\/\/avsconcierge.fr\/en\/wp-json\/wp\/v2\/media?parent=16"}],"curies":[{"name":"wp","href":"https:\/\/api.w.org\/{rel}","templated":true}]}}