{"id":10545,"date":"2021-12-05T16:44:37","date_gmt":"2021-12-05T15:44:37","guid":{"rendered":"https:\/\/avsconcierge.fr\/?page_id=10545"},"modified":"2021-12-05T16:49:37","modified_gmt":"2021-12-05T15:49:37","slug":"formulaire-inscription-clubpriveavs","status":"publish","type":"page","link":"https:\/\/avsconcierge.fr\/en\/formulaire-inscription-clubpriveavs\/","title":{"rendered":"Formulaire Inscription Club Prive AVS"},"content":{"rendered":"<div data-elementor-type=\"wp-post\" data-elementor-id=\"10545\" class=\"elementor elementor-10545\">\n\t\t\t\t\t\t<section class=\"elementor-section elementor-top-section elementor-element elementor-element-79efad55 elementor-section-boxed elementor-section-height-default elementor-section-height-default\" data-id=\"79efad55\" data-element_type=\"section\" data-e-type=\"section\" data-settings=\"{&quot;background_background&quot;:&quot;classic&quot;}\">\n\t\t\t\t\t\t<div class=\"elementor-container elementor-column-gap-wider\">\n\t\t\t\t\t<div class=\"elementor-column elementor-col-50 elementor-top-column elementor-element elementor-element-56292edf\" data-id=\"56292edf\" data-element_type=\"column\" data-e-type=\"column\">\n\t\t\t<div class=\"elementor-widget-wrap elementor-element-populated\">\n\t\t\t\t\t\t<div class=\"elementor-element elementor-element-d4c8d7b elementor-widget elementor-widget-text-editor\" data-id=\"d4c8d7b\" data-element_type=\"widget\" data-e-type=\"widget\" data-widget_type=\"text-editor.default\">\n\t\t\t\t<div class=\"elementor-widget-container\">\n\t\t\t\t\t\t\t\t\t<p>ARE YOU FED UP WITH PAYING A SUBSCRIPTION FOR NOTHING?<\/p>\t\t\t\t\t\t\t\t<\/div>\n\t\t\t\t<\/div>\n\t\t\t\t<div class=\"elementor-element elementor-element-279e3cd elementor-widget-divider--view-line elementor-invisible elementor-widget elementor-widget-divider\" data-id=\"279e3cd\" data-element_type=\"widget\" data-e-type=\"widget\" data-settings=\"{&quot;_animation&quot;:&quot;fadeIn&quot;}\" data-widget_type=\"divider.default\">\n\t\t\t\t<div class=\"elementor-widget-container\">\n\t\t\t\t\t\t\t<div class=\"elementor-divider\">\n\t\t\t<span class=\"elementor-divider-separator\">\n\t\t\t\t\t\t<\/span>\n\t\t<\/div>\n\t\t\t\t\t\t<\/div>\n\t\t\t\t<\/div>\n\t\t\t\t<div class=\"elementor-element elementor-element-70a75843 elementor-widget elementor-widget-text-editor\" data-id=\"70a75843\" data-element_type=\"widget\" data-e-type=\"widget\" data-widget_type=\"text-editor.default\">\n\t\t\t\t<div class=\"elementor-widget-container\">\n\t\t\t\t\t\t\t\t\t<p>Since 2009, AVS Lifestyle Consulting has been providing you with all its know-how in order to fulfil your wishes.<\/p><p class=\"p1\">We accompany you in the fields of tourism, culture, shopping and give you access to the magic of major sporting events.<\/p><p class=\"translation-block\">Only our members have access to all our offers and packages.<\/p><p class=\"p1\">To join us, it's very simple: register via the form or contact us by email.<\/p><p class=\"translation-block\">Individuals, companies, associations and institutions wishing to take advantage of one of our products or services agree to accept our General Terms and Conditions of Sale.<\/p><p class=\"p1\">Trained to excellence, our team from the world of tourism and events is at your disposal to make your dreams come true.<\/p>\t\t\t\t\t\t\t\t<\/div>\n\t\t\t\t<\/div>\n\t\t\t\t<div class=\"elementor-element elementor-element-5684048 elementor-widget elementor-widget-image\" data-id=\"5684048\" data-element_type=\"widget\" data-e-type=\"widget\" data-widget_type=\"image.default\">\n\t\t\t\t<div class=\"elementor-widget-container\">\n\t\t\t\t\t\t\t\t\t\t\t\t\t\t\t<img fetchpriority=\"high\" decoding=\"async\" width=\"624\" height=\"424\" src=\"https:\/\/avsconcierge.fr\/wp-content\/uploads\/2021\/10\/club-AVS-Lifestyle-consultant.jpg\" class=\"attachment-large size-large wp-image-9485\" alt=\"\" srcset=\"https:\/\/avsconcierge.fr\/wp-content\/uploads\/2021\/10\/club-AVS-Lifestyle-consultant.jpg 624w, https:\/\/avsconcierge.fr\/wp-content\/uploads\/2021\/10\/club-AVS-Lifestyle-consultant-300x204.jpg 300w, https:\/\/avsconcierge.fr\/wp-content\/uploads\/2021\/10\/club-AVS-Lifestyle-consultant-600x408.jpg 600w\" sizes=\"(max-width: 624px) 100vw, 624px\" \/>\t\t\t\t\t\t\t\t\t\t\t\t\t\t\t<\/div>\n\t\t\t\t<\/div>\n\t\t\t\t\t<\/div>\n\t\t<\/div>\n\t\t\t\t<div class=\"elementor-column elementor-col-50 elementor-top-column elementor-element elementor-element-7859f63\" data-id=\"7859f63\" data-element_type=\"column\" data-e-type=\"column\" data-settings=\"{&quot;background_background&quot;:&quot;classic&quot;}\">\n\t\t\t<div class=\"elementor-widget-wrap elementor-element-populated\">\n\t\t\t\t\t<div class=\"elementor-background-overlay\"><\/div>\n\t\t\t\t\t\t<div class=\"elementor-element elementor-element-cd8bd5b elementor-widget elementor-widget-text-editor\" data-id=\"cd8bd5b\" data-element_type=\"widget\" data-e-type=\"widget\" data-widget_type=\"text-editor.default\">\n\t\t\t\t<div class=\"elementor-widget-container\">\n\t\t\t\t\t\t\t\t\t<p>DISCOVER THE FIRST FREE PRIVATE CONCIERGE SERVICE<\/p>\t\t\t\t\t\t\t\t<\/div>\n\t\t\t\t<\/div>\n\t\t\t\t<div class=\"elementor-element elementor-element-83a2489 elementor-widget elementor-widget-text-editor\" data-id=\"83a2489\" data-element_type=\"widget\" data-e-type=\"widget\" data-widget_type=\"text-editor.default\">\n\t\t\t\t<div class=\"elementor-widget-container\">\n\t\t\t\t\t\t\t\t\t<p>* subject to acceptance<\/p>\t\t\t\t\t\t\t\t<\/div>\n\t\t\t\t<\/div>\n\t\t\t\t\t<\/div>\n\t\t<\/div>\n\t\t\t\t\t<\/div>\n\t\t<\/section>\n\t\t\t\t<\/div>","protected":false},"excerpt":{"rendered":"<p>Vous en avez marre de payer un abonnement pour rien ? Inscrivez-vous sans engagement dans le club priv\u00e9 de la premi\u00e8re conciergerie priv\u00e9e gratuite Depuis 2009, AVS Lifestyle Consulting met \u00e0 votre disposition tout son savoir-faire afin de r\u00e9pondre \u00e0 vos envies. Nous vous proposons de vous accompagner dans les domaines du tourisme, la culture, [&hellip;]<\/p>\n","protected":false},"author":8,"featured_media":0,"parent":0,"menu_order":0,"comment_status":"closed","ping_status":"closed","template":"elementor_header_footer","meta":{"_monsterinsights_skip_tracking":false,"_monsterinsights_sitenote_active":false,"_monsterinsights_sitenote_note":"","_monsterinsights_sitenote_category":0,"footnotes":""},"class_list":["post-10545","page","type-page","status-publish","hentry"],"aioseo_notices":[],"_links":{"self":[{"href":"https:\/\/avsconcierge.fr\/en\/wp-json\/wp\/v2\/pages\/10545","targetHints":{"allow":["GET"]}}],"collection":[{"href":"https:\/\/avsconcierge.fr\/en\/wp-json\/wp\/v2\/pages"}],"about":[{"href":"https:\/\/avsconcierge.fr\/en\/wp-json\/wp\/v2\/types\/page"}],"author":[{"embeddable":true,"href":"https:\/\/avsconcierge.fr\/en\/wp-json\/wp\/v2\/users\/8"}],"replies":[{"embeddable":true,"href":"https:\/\/avsconcierge.fr\/en\/wp-json\/wp\/v2\/comments?post=10545"}],"version-history":[{"count":4,"href":"https:\/\/avsconcierge.fr\/en\/wp-json\/wp\/v2\/pages\/10545\/revisions"}],"predecessor-version":[{"id":10550,"href":"https:\/\/avsconcierge.fr\/en\/wp-json\/wp\/v2\/pages\/10545\/revisions\/10550"}],"wp:attachment":[{"href":"https:\/\/avsconcierge.fr\/en\/wp-json\/wp\/v2\/media?parent=10545"}],"curies":[{"name":"wp","href":"https:\/\/api.w.org\/{rel}","templated":true}]}}